{"id":167,"date":"2018-03-26T01:00:26","date_gmt":"2018-03-26T05:00:26","guid":{"rendered":"https:\/\/mcleanarch.com\/projets\/"},"modified":"2025-12-23T15:17:17","modified_gmt":"2025-12-23T20:17:17","slug":"projects","status":"publish","type":"page","link":"https:\/\/mcleanarch.com\/en\/projects\/","title":{"rendered":"Projects"},"content":{"rendered":"<p>[et_pb_section fb_built=&#8221;1&#8243; fullwidth=&#8221;on&#8221; _builder_version=&#8221;4.16&#8243; global_colors_info=&#8221;{}&#8221;][et_pb_dpfullwidth_blog posts_number=&#8221;200&#8243; custom_post_types=&#8221;project&#8221; show_date=&#8221;off&#8221; fullwidth=&#8221;off&#8221; _builder_version=&#8221;4.16&#8243; z_index_tablet=&#8221;500&#8243; custom_css_portfolio_item=&#8221;padding:10px;&#8221; global_colors_info=&#8221;{}&#8221;][\/et_pb_dpfullwidth_blog][\/et_pb_section]<\/p>\n","protected":false},"excerpt":{"rendered":"","protected":false},"author":1,"featured_media":61,"parent":0,"menu_order":0,"comment_status":"closed","ping_status":"closed","template":"","meta":{"_et_pb_use_builder":"on","_et_pb_old_content":"<p>[et_pb_section fb_built=\"1\" fullwidth=\"on\" _builder_version=\"4.16\" global_colors_info=\"{}\"][et_pb_dpfullwidth_blog posts_number=\"200\" custom_post_types=\"project\" show_date=\"off\" fullwidth=\"off\" _builder_version=\"4.16\" z_index_tablet=\"500\" custom_css_portfolio_item=\"padding:10px;\" global_colors_info=\"{}\"][\/et_pb_dpfullwidth_blog][\/et_pb_section]<\/p>","_et_gb_content_width":"","footnotes":""},"class_list":["post-167","page","type-page","status-publish","has-post-thumbnail","hentry"],"yoast_head":"<!-- This site is optimized with the Yoast SEO plugin v26.7 - https:\/\/yoast.com\/wordpress\/plugins\/seo\/ -->\n<title>Projects - Michael McLean architecte<\/title>\n<meta name=\"description\" content=\"Diff\u00e9rents projets r\u00e9alis\u00e9s par Michael McLean architecte \u00e0 travers le monde.\" \/>\n<meta name=\"robots\" content=\"index, follow, max-snippet:-1, max-image-preview:large, max-video-preview:-1\" \/>\n<link rel=\"canonical\" href=\"https:\/\/mcleanarch.com\/en\/projects\/\" \/>\n<meta property=\"og:locale\" content=\"en_US\" \/>\n<meta property=\"og:type\" content=\"article\" \/>\n<meta property=\"og:title\" content=\"Projects - Michael McLean architecte\" \/>\n<meta property=\"og:description\" content=\"Diff\u00e9rents projets r\u00e9alis\u00e9s par Michael McLean architecte \u00e0 travers le monde.\" \/>\n<meta property=\"og:url\" content=\"https:\/\/mcleanarch.com\/en\/projects\/\" \/>\n<meta property=\"og:site_name\" content=\"Michael McLean architecte\" \/>\n<meta property=\"article:modified_time\" content=\"2025-12-23T20:17:17+00:00\" \/>\n<meta property=\"og:image\" content=\"https:\/\/mcleanarch.com\/wp-content\/uploads\/2018\/03\/logo_gris_2x.png\" \/>\n\t<meta property=\"og:image:width\" content=\"444\" \/>\n\t<meta property=\"og:image:height\" content=\"295\" \/>\n\t<meta property=\"og:image:type\" content=\"image\/png\" \/>\n<meta name=\"twitter:card\" content=\"summary_large_image\" \/>\n<meta name=\"twitter:label1\" content=\"Est. reading time\" \/>\n\t<meta name=\"twitter:data1\" content=\"1 minute\" \/>\n<script type=\"application\/ld+json\" class=\"yoast-schema-graph\">{\"@context\":\"https:\/\/schema.org\",\"@graph\":[{\"@type\":\"WebPage\",\"@id\":\"https:\/\/mcleanarch.com\/en\/projects\/\",\"url\":\"https:\/\/mcleanarch.com\/en\/projects\/\",\"name\":\"Projects - Michael McLean architecte\",\"isPartOf\":{\"@id\":\"https:\/\/mcleanarch.com\/en\/#website\"},\"primaryImageOfPage\":{\"@id\":\"https:\/\/mcleanarch.com\/en\/projects\/#primaryimage\"},\"image\":{\"@id\":\"https:\/\/mcleanarch.com\/en\/projects\/#primaryimage\"},\"thumbnailUrl\":\"https:\/\/mcleanarch.com\/wp-content\/uploads\/2018\/03\/logo_gris_2x.png\",\"datePublished\":\"2018-03-26T05:00:26+00:00\",\"dateModified\":\"2025-12-23T20:17:17+00:00\",\"description\":\"Diff\u00e9rents projets r\u00e9alis\u00e9s par Michael McLean architecte \u00e0 travers le monde.\",\"breadcrumb\":{\"@id\":\"https:\/\/mcleanarch.com\/en\/projects\/#breadcrumb\"},\"inLanguage\":\"en-US\",\"potentialAction\":[{\"@type\":\"ReadAction\",\"target\":[\"https:\/\/mcleanarch.com\/en\/projects\/\"]}]},{\"@type\":\"ImageObject\",\"inLanguage\":\"en-US\",\"@id\":\"https:\/\/mcleanarch.com\/en\/projects\/#primaryimage\",\"url\":\"https:\/\/mcleanarch.com\/wp-content\/uploads\/2018\/03\/logo_gris_2x.png\",\"contentUrl\":\"https:\/\/mcleanarch.com\/wp-content\/uploads\/2018\/03\/logo_gris_2x.png\",\"width\":444,\"height\":295},{\"@type\":\"BreadcrumbList\",\"@id\":\"https:\/\/mcleanarch.com\/en\/projects\/#breadcrumb\",\"itemListElement\":[{\"@type\":\"ListItem\",\"position\":1,\"name\":\"Accueil\",\"item\":\"https:\/\/mcleanarch.com\/en\/\"},{\"@type\":\"ListItem\",\"position\":2,\"name\":\"Projects\"}]},{\"@type\":\"WebSite\",\"@id\":\"https:\/\/mcleanarch.com\/en\/#website\",\"url\":\"https:\/\/mcleanarch.com\/en\/\",\"name\":\"Michael McLean architecte\",\"description\":\"Pour une architecture \u00e0 votre mesure!\",\"potentialAction\":[{\"@type\":\"SearchAction\",\"target\":{\"@type\":\"EntryPoint\",\"urlTemplate\":\"https:\/\/mcleanarch.com\/en\/?s={search_term_string}\"},\"query-input\":{\"@type\":\"PropertyValueSpecification\",\"valueRequired\":true,\"valueName\":\"search_term_string\"}}],\"inLanguage\":\"en-US\"}]}<\/script>\n<!-- \/ Yoast SEO plugin. -->","yoast_head_json":{"title":"Projects - Michael McLean architecte","description":"Diff\u00e9rents projets r\u00e9alis\u00e9s par Michael McLean architecte \u00e0 travers le monde.","robots":{"index":"index","follow":"follow","max-snippet":"max-snippet:-1","max-image-preview":"max-image-preview:large","max-video-preview":"max-video-preview:-1"},"canonical":"https:\/\/mcleanarch.com\/en\/projects\/","og_locale":"en_US","og_type":"article","og_title":"Projects - Michael McLean architecte","og_description":"Diff\u00e9rents projets r\u00e9alis\u00e9s par Michael McLean architecte \u00e0 travers le monde.","og_url":"https:\/\/mcleanarch.com\/en\/projects\/","og_site_name":"Michael McLean architecte","article_modified_time":"2025-12-23T20:17:17+00:00","og_image":[{"width":444,"height":295,"url":"https:\/\/mcleanarch.com\/wp-content\/uploads\/2018\/03\/logo_gris_2x.png","type":"image\/png"}],"twitter_card":"summary_large_image","twitter_misc":{"Est. reading time":"1 minute"},"schema":{"@context":"https:\/\/schema.org","@graph":[{"@type":"WebPage","@id":"https:\/\/mcleanarch.com\/en\/projects\/","url":"https:\/\/mcleanarch.com\/en\/projects\/","name":"Projects - Michael McLean architecte","isPartOf":{"@id":"https:\/\/mcleanarch.com\/en\/#website"},"primaryImageOfPage":{"@id":"https:\/\/mcleanarch.com\/en\/projects\/#primaryimage"},"image":{"@id":"https:\/\/mcleanarch.com\/en\/projects\/#primaryimage"},"thumbnailUrl":"https:\/\/mcleanarch.com\/wp-content\/uploads\/2018\/03\/logo_gris_2x.png","datePublished":"2018-03-26T05:00:26+00:00","dateModified":"2025-12-23T20:17:17+00:00","description":"Diff\u00e9rents projets r\u00e9alis\u00e9s par Michael McLean architecte \u00e0 travers le monde.","breadcrumb":{"@id":"https:\/\/mcleanarch.com\/en\/projects\/#breadcrumb"},"inLanguage":"en-US","potentialAction":[{"@type":"ReadAction","target":["https:\/\/mcleanarch.com\/en\/projects\/"]}]},{"@type":"ImageObject","inLanguage":"en-US","@id":"https:\/\/mcleanarch.com\/en\/projects\/#primaryimage","url":"https:\/\/mcleanarch.com\/wp-content\/uploads\/2018\/03\/logo_gris_2x.png","contentUrl":"https:\/\/mcleanarch.com\/wp-content\/uploads\/2018\/03\/logo_gris_2x.png","width":444,"height":295},{"@type":"BreadcrumbList","@id":"https:\/\/mcleanarch.com\/en\/projects\/#breadcrumb","itemListElement":[{"@type":"ListItem","position":1,"name":"Accueil","item":"https:\/\/mcleanarch.com\/en\/"},{"@type":"ListItem","position":2,"name":"Projects"}]},{"@type":"WebSite","@id":"https:\/\/mcleanarch.com\/en\/#website","url":"https:\/\/mcleanarch.com\/en\/","name":"Michael McLean architecte","description":"Pour une architecture \u00e0 votre mesure!","potentialAction":[{"@type":"SearchAction","target":{"@type":"EntryPoint","urlTemplate":"https:\/\/mcleanarch.com\/en\/?s={search_term_string}"},"query-input":{"@type":"PropertyValueSpecification","valueRequired":true,"valueName":"search_term_string"}}],"inLanguage":"en-US"}]}},"_links":{"self":[{"href":"https:\/\/mcleanarch.com\/en\/wp-json\/wp\/v2\/pages\/167","targetHints":{"allow":["GET"]}}],"collection":[{"href":"https:\/\/mcleanarch.com\/en\/wp-json\/wp\/v2\/pages"}],"about":[{"href":"https:\/\/mcleanarch.com\/en\/wp-json\/wp\/v2\/types\/page"}],"author":[{"embeddable":true,"href":"https:\/\/mcleanarch.com\/en\/wp-json\/wp\/v2\/users\/1"}],"replies":[{"embeddable":true,"href":"https:\/\/mcleanarch.com\/en\/wp-json\/wp\/v2\/comments?post=167"}],"version-history":[{"count":9,"href":"https:\/\/mcleanarch.com\/en\/wp-json\/wp\/v2\/pages\/167\/revisions"}],"predecessor-version":[{"id":2154,"href":"https:\/\/mcleanarch.com\/en\/wp-json\/wp\/v2\/pages\/167\/revisions\/2154"}],"wp:featuredmedia":[{"embeddable":true,"href":"https:\/\/mcleanarch.com\/en\/wp-json\/wp\/v2\/media\/61"}],"wp:attachment":[{"href":"https:\/\/mcleanarch.com\/en\/wp-json\/wp\/v2\/media?parent=167"}],"curies":[{"name":"wp","href":"https:\/\/api.w.org\/{rel}","templated":true}]}}